{"id":474,"date":"2021-06-29T16:34:00","date_gmt":"2021-06-29T14:34:00","guid":{"rendered":"https:\/\/www.lapistadipietro.it\/?page_id=474"},"modified":"2021-06-30T16:11:56","modified_gmt":"2021-06-30T14:11:56","slug":"fr-about","status":"publish","type":"page","link":"https:\/\/www.lapistadipietro.it\/index.php\/fr\/fr-about\/","title":{"rendered":"About"},"content":{"rendered":"\n<p>Fond\u00e9e en 2009, l&#8217;esosport est le fruit d&#8217;une id\u00e9e qui est venue \u00e0 Nicolas Meletiou, directeur g\u00e9n\u00e9ral de l&#8217;ESO et coureur passionn\u00e9, lors d&#8217;une discussion avec ses amis Fulvio Massini, entra\u00eeneur sportif, et Marco Marchei, ancien marathonien, sur la mani\u00e8re correcte de se d\u00e9barrasser des vieilles chaussures de sport.<\/p>\n\n\n\n<p>R\u00e9fl\u00e9chissant au sort de ces articles, qui aujourd&#8217;hui ont tendance \u00e0 \u00eatre mis de c\u00f4t\u00e9 lorsqu&#8217;ils sont consomm\u00e9s et entass\u00e9s dans les placards de nombreux sportifs, Nicolas, fort de son exp\u00e9rience avec ESO dans la r\u00e9cup\u00e9ration, l&#8217;\u00e9limination et le recyclage des d\u00e9chets de bureau, a envisag\u00e9 pour la premi\u00e8re fois la possibilit\u00e9 de recycler des chaussures. C&#8217;\u00e9tait pour lui une occasion incroyable de combiner sa passion pour le monde du sport avec son expertise consolid\u00e9e dans le monde du recyclage.<\/p>\n\n\n\n<p>La cr\u00e9ation de l&#8217;esosport refl\u00e8te pleinement la philosophie de la maison m\u00e8re du &#8221; cycle de recyclage &#8220;, une philosophie fond\u00e9e sur la conscience que l&#8217;environnement est un patrimoine \u00e0 pr\u00e9server et que les d\u00e9chets peuvent \u00eatre transform\u00e9s en ressource, minimisant ainsi leur impact environnemental et, pourquoi pas, leur donnant une seconde vie.<\/p>\n\n\n\n<p>L&#8217;esosport, en minimisant l&#8217;accumulation de d\u00e9chets dans les d\u00e9charges, est devenu un v\u00e9ritable d\u00e9fi \u00e9cologique et un service innovant, le premier et unique en son genre en Italie et en Europe.<\/p>\n\n\n\n<p>En 2017, la passion de l&#8217;entreprise pour le sport s&#8217;est encore d\u00e9velopp\u00e9e. Suite \u00e0 une blessure subie lors d&#8217;une course, Nicolas Meletiou a \u00e9t\u00e9 contraint de faire une pause dans la course et s&#8217;est d\u00e9couvert une nouvelle passion, le cyclisme. Il a d\u00e9cid\u00e9 d&#8217;entreprendre un voyage \u00e0 v\u00e9lo et, en cours de route, il a fait une crevaison. Apr\u00e8s avoir chang\u00e9 la chambre \u00e0 air, il s&#8217;est demand\u00e9 : &#8220;Maintenant, o\u00f9 dois-je jeter l&#8217;ancienne ?&#8221;. Le premier magasin de v\u00e9los auquel il s&#8217;est adress\u00e9 ne voulait pas accepter l&#8217;ancien tube, disant qu&#8217;ils ne savaient pas comment s&#8217;en d\u00e9barrasser.<\/p>\n\n\n\n<p>Ce probl\u00e8me de ne pas pouvoir \u00e9liminer correctement ce type de d\u00e9chets a conduit \u00e0 l&#8217;id\u00e9e d&#8217;un service de v\u00e9los esosport destin\u00e9 \u00e0 soutenir les magasins de sport, le v\u00e9lo en libre-service et les collectivit\u00e9s locales dans la gestion et l&#8217;\u00e9limination des chambres \u00e0 air et des pneus us\u00e9s de v\u00e9lo.<\/p>\n\n\n\n<p>C&#8217;est ainsi qu&#8217;une autre pi\u00e8ce a \u00e9t\u00e9 ajout\u00e9e \u00e0 la vision \u00e9co-durable de l&#8217;esosport sur le monde du sport.<\/p>\n\n\n\n<p>&#8220;C&#8217;est avec grand plaisir que notre F\u00e9d\u00e9ration accorde son patronage au projet de v\u00e9lo esosport&#8221;, d\u00e9clare Renato Di Rocco, Pr\u00e9sident de la F\u00e9d\u00e9ration Cycliste Italienne, ici en photo avec Nicolas Meletiou. &#8220;Nous sommes convaincus que cette initiative, jusqu&#8217;\u00e0 pr\u00e9sent inexistante en Italie, est tr\u00e8s n\u00e9cessaire. Le v\u00e9lo est un moyen parfait pour transmettre des messages de durabilit\u00e9 environnementale, comme celui de l&#8217;esosport bike, qui, nous l&#8217;esp\u00e9rons, sera diffus\u00e9 le plus rapidement possible&#8221;.<\/p>\n\n\n\n<p>En 2018, le projet a pris de l&#8217;ampleur gr\u00e2ce \u00e0 l&#8217;introduction du projet des balles esosport : &#8220;Return your ace&#8221; est la r\u00e9compense cr\u00e9\u00e9e pour la collecte et le recyclage des balles de tennis usag\u00e9es dans les clubs, magasins sp\u00e9cialis\u00e9s et installations sportives avec courts de tennis.<br>Un club de tennis de taille moyenne consomme jusqu&#8217;\u00e0 environ 700 balles par mois : trouver un nouveau chemin vers ces d\u00e9chets est un must pour la protection de l&#8217;environnement.<\/p>\n\n\n\n<p>esosport run, esosport bike et esosport balls sont deux exemples clairs d&#8217;un nouveau mod\u00e8le d&#8217;\u00e9conomie, le mod\u00e8le circulaire, qui consid\u00e8re la philosophie du &#8221; cycle de recyclage &#8221; comme la seule fa\u00e7on de proc\u00e9der si nous voulons pr\u00e9server l&#8217;environnement et faire notre part pour transformer les d\u00e9chets en ressource et minimiser ainsi leur impact environnemental.<\/p>\n\n\n\n<p>L&#8217;id\u00e9e de l&#8217;esosport est de donner vie \u00e0 de nouveaux projets en utilisant des mat\u00e9riaux issus du recyclage de chaussures, balles de tennis, pneus ou chambres \u00e0 air de bicyclettes ; la mati\u00e8re premi\u00e8re secondaire cr\u00e9\u00e9e par ce proc\u00e9d\u00e9 peut \u00eatre utilis\u00e9e pour la r\u00e9alisation de rev\u00eatements d&#8217;aires de jeux ou comme base pour des pistes d&#8217;athl\u00e9tisme.<\/p>\n\n\n\n<p>Pour donner du concret et de la circularit\u00e9 \u00e0 notre initiative, nous avons cr\u00e9\u00e9 &#8216;Betty&#8217;s Garden&#8217;, une aire de jeux pour enfants d\u00e9di\u00e9e \u00e0 Elisabetta Salvioni Meletiou, l&#8217;\u00e9pouse de Nicolas Meletiou d\u00e9c\u00e9d\u00e9 pr\u00e9matur\u00e9ment, et&#8217;La pista di PIETRO&#8217;, un parcours athl\u00e9tique de 60 m\u00e8tres qui comm\u00e9more le grand sportif Pietro Mennea, projet auquel sa femme, Manuela Olivieri a personnellement particip\u00e9.<\/p>\n\n\n\n<p>Par l&#8217;interm\u00e9diaire de l&#8217;association GOGREEN &#8211; onlus, notre entreprise met gratuitement \u00e0 la disposition de la fonction publique des mati\u00e8res premi\u00e8res secondaires issues de la collecte et du recyclage ult\u00e9rieur de mat\u00e9riel sportif. A ce jour, un grand nombre de&#8217;Jardins de Betty&#8217; ont d\u00e9j\u00e0 \u00e9t\u00e9 cr\u00e9\u00e9s dans toute l&#8217;Italie et nous allons bient\u00f4t construire notre premier&#8217;La pista di PIETRO&#8217;.<\/p>\n\n\n\n<p>Ceux qui choisissent de participer \u00e0 l&#8217;initiative esosport ne choisissent pas seulement un service capable de traiter efficacement les probl\u00e8mes de gestion des d\u00e9chets, ils saisissent \u00e9galement l&#8217;opportunit\u00e9 d&#8217;adopter une nouvelle vision \u00e9co-durable du sport et de d\u00e9montrer leur pr\u00e9occupation pour le bien-\u00eatre de la soci\u00e9t\u00e9 et de l&#8217;environnement.<\/p>\n","protected":false},"excerpt":{"rendered":"<p>Fond\u00e9e en 2009, l&#8217;esosport est le fruit d&#8217;une id\u00e9e qui est venue \u00e0 Nicolas Meletiou, directeur g\u00e9n\u00e9ral de l&#8217;ESO et coureur passionn\u00e9, lors d&#8217;une discussion avec ses amis Fulvio Massini, entra\u00eeneur sportif, et Marco Marchei, ancien marathonien, sur la mani\u00e8re correcte de se d\u00e9barrasser des vieilles chaussures de sport. R\u00e9fl\u00e9chissant au sort de ces articles,&hellip;<\/p>\n","protected":false},"author":2,"featured_media":0,"parent":0,"menu_order":0,"comment_status":"closed","ping_status":"closed","template":"","meta":[],"_links":{"self":[{"href":"https:\/\/www.lapistadipietro.it\/index.php\/wp-json\/wp\/v2\/pages\/474"}],"collection":[{"href":"https:\/\/www.lapistadipietro.it\/index.php\/wp-json\/wp\/v2\/pages"}],"about":[{"href":"https:\/\/www.lapistadipietro.it\/index.php\/wp-json\/wp\/v2\/types\/page"}],"author":[{"embeddable":true,"href":"https:\/\/www.lapistadipietro.it\/index.php\/wp-json\/wp\/v2\/users\/2"}],"replies":[{"embeddable":true,"href":"https:\/\/www.lapistadipietro.it\/index.php\/wp-json\/wp\/v2\/comments?post=474"}],"version-history":[{"count":2,"href":"https:\/\/www.lapistadipietro.it\/index.php\/wp-json\/wp\/v2\/pages\/474\/revisions"}],"predecessor-version":[{"id":481,"href":"https:\/\/www.lapistadipietro.it\/index.php\/wp-json\/wp\/v2\/pages\/474\/revisions\/481"}],"wp:attachment":[{"href":"https:\/\/www.lapistadipietro.it\/index.php\/wp-json\/wp\/v2\/media?parent=474"}],"curies":[{"name":"wp","href":"https:\/\/api.w.org\/{rel}","templated":true}]}}