{"id":629,"date":"2023-06-15T12:42:53","date_gmt":"2023-06-15T10:42:53","guid":{"rendered":"https:\/\/www.lapistadipietro.it\/?page_id=629"},"modified":"2023-06-16T13:00:16","modified_gmt":"2023-06-16T11:00:16","slug":"a-10-anni-dalla-scomparsa-di-pietro-mennea-nasce-a-barletta-la-prima-pista-di-pietro","status":"publish","type":"page","link":"https:\/\/www.lapistadipietro.it\/","title":{"rendered":"&#8220;La pista di Pietro&#8221; &#8211; L&#8217;inaugurazione sabato 24 giugno alle 11.30"},"content":{"rendered":"<p>[vc_row][vc_column][vc_row_inner][vc_column_inner][vc_column_text]<\/p>\n<h1 style=\"text-align: center;\"><strong>22.06.2023 Serata raccolta fondi per &#8220;La pista di PIETRO&#8221;<\/strong><\/h1>\n<p>[\/vc_column_text][vc_single_image image=&#8221;645&#8243; img_size=&#8221;full&#8221; alignment=&#8221;center&#8221;][vc_empty_space height=&#8221;100px&#8221;][\/vc_column_inner][\/vc_row_inner][vc_single_image image=&#8221;631&#8243; img_size=&#8221;full&#8221;][vc_column_text]<\/p>\n<h1 style=\"text-align: center;\">A 10 anni dalla scomparsa di Pietro Mennea nasce a Barletta la prima<\/h1>\n<h1 style=\"text-align: center;\">\u201cPista di Pietro\u201d<\/h1>\n<p>[\/vc_column_text][vc_column_text]<\/p>\n<p style=\"text-align: center;\">Dal riciclo di materiale sportivo e scarpe da lavoro a fine vita nasce a Barletta &#8220;La pista di Pietro&#8221; nell&#8217;area esterna della scuola elementare Giovanni Modugno<\/p>\n<p>[\/vc_column_text][vc_column_text][\/vc_column_text][vc_column_text][\/vc_column_text][vc_column_text]<strong>Pietro Mennea<\/strong>, la &#8220;Freccia del Sud&#8221;, \u00e8 stato un atleta straordinario. La sua carriera, costellata di numerosi e straordinari record mondiali e medaglie olimpiche, \u00e8 simbolo di perseveranza, grinta e talento. Doti che hanno ispirato e ispirano tuttora generazioni di atleti in tutto il mondo.<\/p>\n<p>A 10 anni dalla sua scomparsa, nasce a <strong>Barletta<\/strong>, sua citt\u00e0 natale, la <strong>prima pista di atletica<\/strong> a lui dedicata e realizzata con una <strong>superficie<\/strong> speciale, <strong>ottenuta dal riciclo di rifiuti sportivi e scarpe da lavoro (DPI) raccolti con i progetti esosport e back to work<\/strong>. Un progetto nato nel 2009 per coniugare la passione per lo sport all\u2019economia circolare, grazie alla competenza di ESO Societ\u00e0 Benefit nel settore della gestione di rifiuti da ufficio.<\/p>\n<p><strong>La pista di atletica leggera \u00e8 lunga 60 metri, ha 6 corsie e si trova nell\u2019area esterna della scuola elementare Giovanni Modugno di Barletta<\/strong>. Un\u2019iniziativa a pi\u00f9 mani, frutto dell\u2019incontro di diverse realt\u00e0 imprenditoriali e associative accomunate dal desiderio di ricordare e celebrare Pietro Mennea per far continuare a vivere il suo ricordo nel cuore dei giovani atleti che correranno su quella superficie, nata da un processo di riciclo ed economia circolare.<\/p>\n<p>Dall\u2019incrocio delle strade di <strong>BASE Protection<\/strong>, nel settore della produzione di scarpe antinfortunistiche, dell\u2019<strong>Associazione GOGREEN<\/strong>, che sostiene i progetti <strong>esosport<\/strong> per la costruzione di pavimentazioni sportive per \u201cLa Pista di Pietro\u201d, del <strong>Comune di Barletta<\/strong>, con il Sindaco Cosimo Cannito, della <strong>Fondazione Pietro Mennea onlus<\/strong>, dell\u2019I.P.Archimede di Barletta e di <strong>ESO RECYCLING<\/strong>, specializzata nel trattamento di rifiuti sportivi e DPI, \u00e8 nata l\u2019idea di dare vita a questa importante iniziativa per il territorio.<\/p>\n<p>\u201cLa Pista di Pietro\u201d \u00e8 anche frutto dell\u2019incontro di altre strade, quelle di Nicolas Meletiou, Paolo Masini, ideatore del progetto, e Manuela Olivieri Mennea, moglie del campione olimpico dei 200 metri piani a Mosca 1980 e detentore del primato mondiale per 17 anni, che ha aderito all\u2019iniziativa donando un paio di scarpe da corsa di Pietro. Un gesto simbolico per testimoniare che, in ogni pista<br \/>\nche nascer\u00e0, sar\u00e0 presente una porzione di materiale delle scarpe e una parte del sogno di questo grande atleta, una sorta di lievito madre che si moltiplicher\u00e0 in tutte le piste che verranno.<\/p>\n<p>L\u2019inaugurazione de \u201cLa Pista di Pietro\u201d \u00e8 prevista sabato 24 giugno alle ore 11.30 preceduta da una serata di beneficenza per la raccolta fondi che si terr\u00e0 al Garden Club di Barletta alle 21.00 di gioved\u00ec 22 giugno, affiancata da una lotteria dove si potranno vincere maglie autografate da grandi campioni dello sport.<\/p>\n<p>\u201cSport ed economia circolare: un abbinamento vincente con \u201cLa Pista di Pietro\u201d \u2013 affermano all\u2019unisono <strong>Nicolas Meletiou, presidente Associazione GOGREEN e Paolo Masini, ideatore del progetto<\/strong> \u2013 e dall\u2019alto valore educativo per le nuove generazioni. Siamo felici e onorati di essere parte di questo progetto ambizioso che nasce da una naturale sinergia che si \u00e8 venuta a creare con l\u2019azienda BASE Protection, l\u2019Amministrazione del Comune di Barletta e la Fondazione Mennea e l\u2019Istituto I.P. Archimede. Desidero esprimere il mio ringraziamento a tutti per aver creduto nell\u2019idea e per aver fatto squadra per realizzarla.\u201d<\/p>\n<p>\u201cLa Pista di Pietro, nata con il trattamento e il riciclo di materiale sportivo e DPI a fine vita nel nostro impianto a Tolentino &#8211; afferma <strong>Helga Loessl, CEO ESO RECYCLING<\/strong> &#8211; \u00e8 la dimostrazione che insieme si pu\u00f2 costruire un futuro collaborativo, fatto di progetti come questo che mettono al centro l\u2019economia circolare, la solidariet\u00e0 e lo sport.\u201d<\/p>\n<p>\u201cL&#8217;insegnamento di Pietro, non \u00e8 stato soltanto quello di essere migliore dei suoi contemporanei o predecessori&#8230; piuttosto quello di cercare di essere migliore di s\u00e9 stesso. Noi figli della sua citt\u00e0 &#8211; ha dichiarato <strong>l\u2019Assessore allo sport Marcello De Gennaro<\/strong> &#8211; in pochi giorni abbiamo accettato una sfida con noi stessi: quella di raggiungere un risultato che lo ricordi nel tempo attraverso la &#8220;pista di Pietro&#8221;, il suo terreno di gioco preferito, con la sua stessa intraprendenza.<\/p>\n<p>\u201cUn segno indelebile che scolpisce la memoria di un indimenticabile campione, di un grande italiano, di un ineguagliabile barlettano. Una pista di atletica dedicata a Pietro \u00e8 il pi\u00f9 bel regalo che Lui, da lass\u00f9, potesse fare agli alunni della scuola Modugno e a tutti i giovani sportivi della citt\u00e0 che spero vorranno imitarlo. Un\u2019esperienza da replicare in tutte le scuole della citt\u00e0, affinch\u00e9 il suo esempio possa stimolare un sano entusiasmo nei giovani.\u201d Dichiara altres\u00ec <strong>Ruggiero Mennea<\/strong>.<\/p>\n<p>\u201cLa Pista di Pietro \u00e8 un dono prezioso per la nostra citt\u00e0; rappresenta l\u2019amore per l\u2019ambiente, la passione per lo sport, lo spirito di collaborazione tra aziende del territorio e non; \u00e8 prova dell\u2019impegno dei nostri governatori e del sistema scuola nel voler tenere vivo il ricordo del grande Pietro per favorire e innescare processi di emulazione da parte dei nostri ragazzi.\u201d <strong>Daniela Stolfi General Manager di Base Protection<\/strong>.<\/p>\n<p>\u201cLa Pista di Pietro in una scuola di Barletta \u00e8 il sogno pi\u00f9 bello che si realizza. Pietro ha iniziato la sua corsa verso il successo proprio da una scuola di Barletta, avviato allo sport dal professor Alberto Autorino, il suo insegnante di educazione fisica. Da nessun&#8217;altra parte l&#8217;alchimia potr\u00e0 raggiungere la perfezione magica che ha a Barletta: siamo nella citt\u00e0 che ha dato i natali a Pietro, in una scuola che \u00e8 l&#8217;istituzione fondamentale che ha consentito a Pietro di incontrare lo sport e qui \u00e8 stata realizzata una pista di atletica che rappresenta lo strumento che ha consentito a Pietro di trovare il successo, prima nello sport e poi nella vita.<\/p>\n<p>Sono certa che questa pista avr\u00e0 quella magia in pi\u00f9 che aiuter\u00e0 i ragazzi a trasformare in realt\u00e0 i loro sogni, perch\u00e9 lo sport \u00e8 fondamentale per trasmettere quei valori che sono indispensabili per una vita di successi, ed ogni ragazzo che si allener\u00e0 su questa pista, dovr\u00e0 sempre avere ben presente la storia di Pietro, che da Barletta ha iniziato a sognare, dimostrando che l\u2019impossibile non esiste.\u201d Conclude <strong>Manuela Olivieri Mennea Presidente Fondazione Pietro Mennea Onlus<\/strong>.[\/vc_column_text][\/vc_column][vc_column][\/vc_column][vc_column][\/vc_column][\/vc_row][vc_row][vc_column][vc_single_image image=&#8221;630&#8243; img_size=&#8221;full&#8221;][\/vc_column][\/vc_row]<\/p>\n","protected":false},"excerpt":{"rendered":"<p>[vc_row][vc_column][vc_row_inner][vc_column_inner][vc_column_text] 22.06.2023 Serata raccolta fondi per &#8220;La pista di PIETRO&#8221; [\/vc_column_text][vc_single_image image=&#8221;645&#8243; img_size=&#8221;full&#8221; alignment=&#8221;center&#8221;][vc_empty_space height=&#8221;100px&#8221;][\/vc_column_inner][\/vc_row_inner][vc_single_image image=&#8221;631&#8243; img_size=&#8221;full&#8221;][vc_column_text] A 10 anni dalla scomparsa di Pietro Mennea nasce a Barletta la prima \u201cPista di Pietro\u201d [\/vc_column_text][vc_column_text] Dal riciclo di materiale sportivo e scarpe da lavoro a fine vita nasce a Barletta &#8220;La pista di Pietro&#8221; nell&#8217;area esterna&hellip;<\/p>\n","protected":false},"author":2,"featured_media":0,"parent":0,"menu_order":0,"comment_status":"closed","ping_status":"closed","template":"","meta":[],"_links":{"self":[{"href":"https:\/\/www.lapistadipietro.it\/index.php\/wp-json\/wp\/v2\/pages\/629"}],"collection":[{"href":"https:\/\/www.lapistadipietro.it\/index.php\/wp-json\/wp\/v2\/pages"}],"about":[{"href":"https:\/\/www.lapistadipietro.it\/index.php\/wp-json\/wp\/v2\/types\/page"}],"author":[{"embeddable":true,"href":"https:\/\/www.lapistadipietro.it\/index.php\/wp-json\/wp\/v2\/users\/2"}],"replies":[{"embeddable":true,"href":"https:\/\/www.lapistadipietro.it\/index.php\/wp-json\/wp\/v2\/comments?post=629"}],"version-history":[{"count":6,"href":"https:\/\/www.lapistadipietro.it\/index.php\/wp-json\/wp\/v2\/pages\/629\/revisions"}],"predecessor-version":[{"id":646,"href":"https:\/\/www.lapistadipietro.it\/index.php\/wp-json\/wp\/v2\/pages\/629\/revisions\/646"}],"wp:attachment":[{"href":"https:\/\/www.lapistadipietro.it\/index.php\/wp-json\/wp\/v2\/media?parent=629"}],"curies":[{"name":"wp","href":"https:\/\/api.w.org\/{rel}","templated":true}]}}